{"id":5,"date":"2015-01-12T00:08:45","date_gmt":"2015-01-12T00:08:45","guid":{"rendered":"http:\/\/www.ukd-stuttgart.de\/wordpress\/?page_id=5"},"modified":"2018-11-17T00:58:39","modified_gmt":"2018-11-16T23:58:39","slug":"verein","status":"publish","type":"page","link":"http:\/\/www.ukd-stuttgart.de\/wordpress\/verein\/","title":{"rendered":"Verein"},"content":{"rendered":"<div class=\"fusion-fullwidth fullwidth-box fusion-builder-row-1 hundred-percent-fullwidth non-hundred-percent-height-scrolling\"  style='background-color: rgba(255,255,255,0);background-position: center center;background-repeat: no-repeat;padding-top:0px;padding-right:0px;padding-bottom:0px;padding-left:0px;border-top-width:0px;border-bottom-width:0px;border-color:#eae9e9;border-top-style:solid;border-bottom-style:solid;'><div class=\"fusion-builder-row fusion-row \"><div  class=\"fusion-layout-column fusion_builder_column fusion_builder_column_1_2 fusion-builder-column-0 fusion-one-half fusion-column-first 1_2\"  style='margin-top:0px;margin-bottom:20px;width:48%; margin-right: 4%;'><div class=\"fusion-column-wrapper\" style=\"background-position:left top;background-repeat:no-repeat;-webkit-background-size:cover;-moz-background-size:cover;-o-background-size:cover;background-size:cover;\"   data-bg-url=\"\"><span class=\"fusion-imageframe imageframe-none imageframe-1 hover-type-none\"><img loading=\"lazy\" src=\"http:\/\/www.ukd-stuttgart.de\/wordpress\/wp-content\/uploads\/2015\/01\/Verein1.jpg\" width=\"4608\" height=\"2554\" alt=\"\" title=\"Verein1\" class=\"img-responsive wp-image-13003\"\/><\/span><div class=\"fusion-clearfix\"><\/div><\/div><\/div><div  class=\"fusion-layout-column fusion_builder_column fusion_builder_column_1_2 fusion-builder-column-1 fusion-one-half fusion-column-last 1_2\"  style='margin-top:0px;margin-bottom:20px;width:48%'><div class=\"fusion-column-wrapper\" style=\"background-position:left top;background-repeat:no-repeat;-webkit-background-size:cover;-moz-background-size:cover;-o-background-size:cover;background-size:cover;\"   data-bg-url=\"\"><style type=\"text\/css\">@media only screen and (max-width:800px) {.fusion-title.fusion-title-1{margin-top:10px!important;margin-bottom:10px!important;}}<\/style><div class=\"fusion-title title fusion-title-1 fusion-title-text fusion-title-size-two\" style=\"margin-top:0px;margin-bottom:31px;\"><h2 class=\"title-heading-left\" style=\"margin:0;\">Der Uni Karate Dojo Stuttgart e.V.<\/h2><div class=\"title-sep-container\"><div class=\"title-sep sep-double sep-solid\" style=\"border-color:#e0dede;\"><\/div><\/div><\/div><div class=\"fusion-text\"><p>Das Uni Karate Dojo Stuttgart e.V. hat seine Wurzeln im Hochschulsport der Universit\u00e4t Stuttgart. Seit 1992 exisitiert das Dojo als eigenst\u00e4ndiger Verein und steht jedem offen. Der UKD hat um die 130 Mitglieder zwischen 20 und 60 Jahren.<\/p>\n<p>Das Uni Karate Dojo Stuttgart e.V. ist Mitglied im Deutschen Karate Verband (DKV) und dem Karate Verband Baden-W\u00fcrttemberg (KVBW). Es ist stilrichtungsoffen ausgelegt und folgt dem Shotokan-Karate mit folgenden Schwerpunkten:<\/p>\n<ul>\n<li>Kata\/Bunkai Training<\/li>\n<li>Goshin (Selbstverteidigung), Bunkai-Sparring<\/li>\n<li>Kumite<\/li>\n<li>H\u00f6here Kata<\/li>\n<\/ul>\n<p>Das Training wird von qualifizierten Trainern durchgef\u00fchrt, deren Mehrzahl eine Trainer-Ausbildung besitzt. Fortgeschrittene (ab Gelbgurt) k\u00f6nnen bei uns jederzeit zu allen Trainings vorbeikommen und mittrainieren. Anf\u00e4nger und Wiedereinsteiger k\u00f6nnen im Anf\u00e4ngerkurs des Hochschulsports wie auch im Anf\u00e4ngerkurs des Vereins mit dem Karate beginnen bzw. ihre Kenntnisse wieder auffrischen.<\/p>\n<\/div><div class=\"fusion-clearfix\"><\/div><\/div><\/div><\/div><\/div>\n","protected":false},"excerpt":{"rendered":"","protected":false},"author":1,"featured_media":0,"parent":0,"menu_order":1,"comment_status":"closed","ping_status":"closed","template":"","meta":{"ngg_post_thumbnail":0},"_links":{"self":[{"href":"http:\/\/www.ukd-stuttgart.de\/wordpress\/wp-json\/wp\/v2\/pages\/5"}],"collection":[{"href":"http:\/\/www.ukd-stuttgart.de\/wordpress\/wp-json\/wp\/v2\/pages"}],"about":[{"href":"http:\/\/www.ukd-stuttgart.de\/wordpress\/wp-json\/wp\/v2\/types\/page"}],"author":[{"embeddable":true,"href":"http:\/\/www.ukd-stuttgart.de\/wordpress\/wp-json\/wp\/v2\/users\/1"}],"replies":[{"embeddable":true,"href":"http:\/\/www.ukd-stuttgart.de\/wordpress\/wp-json\/wp\/v2\/comments?post=5"}],"version-history":[{"count":3,"href":"http:\/\/www.ukd-stuttgart.de\/wordpress\/wp-json\/wp\/v2\/pages\/5\/revisions"}],"predecessor-version":[{"id":13349,"href":"http:\/\/www.ukd-stuttgart.de\/wordpress\/wp-json\/wp\/v2\/pages\/5\/revisions\/13349"}],"wp:attachment":[{"href":"http:\/\/www.ukd-stuttgart.de\/wordpress\/wp-json\/wp\/v2\/media?parent=5"}],"curies":[{"name":"wp","href":"https:\/\/api.w.org\/{rel}","templated":true}]}}